{"id":185,"date":"2020-10-14T09:28:52","date_gmt":"2020-10-14T06:28:52","guid":{"rendered":"https:\/\/statybos.easywebsite.lt\/contact\/"},"modified":"2026-03-25T11:05:41","modified_gmt":"2026-03-25T09:05:41","slug":"kontaktai","status":"publish","type":"page","link":"https:\/\/sos-atrakinimas.webdemo.lt\/en\/kontaktai\/","title":{"rendered":"Contact"},"content":{"rendered":"<div data-elementor-type=\"wp-page\" data-elementor-id=\"185\" class=\"elementor elementor-185\" data-elementor-post-type=\"page\">\n\t\t\t\t<div class=\"aux-parallax-section elementor-element elementor-element-c596930 e-flex e-con-boxed e-con e-parent\" data-id=\"c596930\" data-element_type=\"container\">\n\t\t\t\t\t<div class=\"e-con-inner\">\n\t\t<div class=\"elementor-element elementor-element-b0bd412 e-con-full e-flex e-con e-child\" data-id=\"b0bd412\" data-element_type=\"container\" data-settings=\"{&quot;background_background&quot;:&quot;classic&quot;}\">\n\t\t<div class=\"elementor-element elementor-element-1318ed3 e-con-full e-flex e-con e-child\" data-id=\"1318ed3\" data-element_type=\"container\">\n\t\t\t\t<div class=\"elementor-element elementor-element-d29d86b aux-appear-watch-animation aux-fade-in-up-1 elementor-widget elementor-widget-heading\" data-id=\"d29d86b\" data-element_type=\"widget\" data-widget_type=\"heading.default\">\n\t\t\t\t<div class=\"elementor-widget-container\">\n\t\t\t\t\t<h1 class=\"elementor-heading-title elementor-size-default\">Contact<\/h1>\t\t\t\t<\/div>\n\t\t\t\t<\/div>\n\t\t\t\t<\/div>\n\t\t\t\t<div class=\"elementor-element elementor-element-dbda3f5 aux-appear-watch-animation aux-fade-in-up-1 elementor-widget elementor-widget-aux_modern_heading\" data-id=\"dbda3f5\" data-element_type=\"widget\" data-widget_type=\"aux_modern_heading.default\">\n\t\t\t\t<div class=\"elementor-widget-container\">\n\t\t\t\t\t<section class=\"aux-widget-modern-heading\">\n            <div class=\"aux-widget-inner\"><h2 class=\"aux-modern-heading-primary\">Susisiekite su mumis<\/h2><\/div>\n        <\/section>\t\t\t\t<\/div>\n\t\t\t\t<\/div>\n\t\t<div class=\"elementor-element elementor-element-8c09795 e-con-full e-flex e-con e-child\" data-id=\"8c09795\" data-element_type=\"container\">\n\t\t<div class=\"elementor-element elementor-element-804d3f5 e-con-full aux-appear-watch-animation aux-fade-in-left-1 e-flex e-con e-child\" data-id=\"804d3f5\" data-element_type=\"container\">\n\t\t<div class=\"elementor-element elementor-element-fccda1d e-con-full e-flex e-con e-child\" data-id=\"fccda1d\" data-element_type=\"container\">\n\t\t\t\t<div class=\"elementor-element elementor-element-7c151bb elementor-widget elementor-widget-html\" data-id=\"7c151bb\" data-element_type=\"widget\" data-widget_type=\"html.default\">\n\t\t\t\t<div class=\"elementor-widget-container\">\n\t\t\t\t\t<svg xmlns=\"http:\/\/www.w3.org\/2000\/svg\" width=\"50\" height=\"50\" viewbox=\"0 0 50 50\"><path d=\"M29,47.635,18.754,30.661a1.9,1.9,0,0,1,.279-2.315L33.586,13.7a1.863,1.863,0,0,1,2.65,0,1.9,1.9,0,0,1,0,2.668L22.725,29.97l9.486,15.7a1.131,1.131,0,0,0,2.054-.263l5.8-19.539a1.87,1.87,0,0,1,2.335-1.267,1.89,1.89,0,0,1,1.26,2.349l-5.8,19.534A4.831,4.831,0,0,1,33.8,49.957a4.468,4.468,0,0,1-.646.043A4.812,4.812,0,0,1,29,47.635Zm-18.2-21.618L2.34,20.806a4.926,4.926,0,0,1,1.192-8.917L43.76.194a4.857,4.857,0,0,1,4.824,1.262,4.936,4.936,0,0,1,1.21,4.869L46.672,16.83a1.875,1.875,0,1,1-3.591-1.08L46.2,5.243a1.137,1.137,0,0,0-1.4-1.424L4.575,15.516a1.144,1.144,0,0,0-.279,2.07l8.467,5.209a1.9,1.9,0,0,1,.619,2.6,1.867,1.867,0,0,1-1.6.9A1.837,1.837,0,0,1,10.807,26.017Z\" fill=\"var(--e-global-color-secondary)\" \/><\/svg>\t\t\t\t<\/div>\n\t\t\t\t<\/div>\n\t\t\t\t<div class=\"elementor-element elementor-element-89ec99d elementor-widget elementor-widget-heading\" data-id=\"89ec99d\" data-element_type=\"widget\" data-widget_type=\"heading.default\">\n\t\t\t\t<div class=\"elementor-widget-container\">\n\t\t\t\t\t<h3 class=\"elementor-heading-title elementor-size-default\">Pa\u0161tas :<\/h3>\t\t\t\t<\/div>\n\t\t\t\t<\/div>\n\t\t\t\t<div class=\"elementor-element elementor-element-9920ae8 elementor-widget elementor-widget-heading\" data-id=\"9920ae8\" data-element_type=\"widget\" data-widget_type=\"heading.default\">\n\t\t\t\t<div class=\"elementor-widget-container\">\n\t\t\t\t\t<h4 class=\"elementor-heading-title elementor-size-default\"><a href=\"mailto:info@sos-atrakinimas.lt\">info@sos-atrakinimas.lt<\/a><\/h4>\t\t\t\t<\/div>\n\t\t\t\t<\/div>\n\t\t\t\t<\/div>\n\t\t\t\t<\/div>\n\t\t<div class=\"elementor-element elementor-element-ce307e4 e-con-full aux-appear-watch-animation aux-fade-in-left-1 e-flex e-con e-child\" data-id=\"ce307e4\" data-element_type=\"container\">\n\t\t<div class=\"elementor-element elementor-element-6b9bf60 e-con-full e-flex e-con e-child\" data-id=\"6b9bf60\" data-element_type=\"container\">\n\t\t\t\t<div class=\"elementor-element elementor-element-b7364cc elementor-widget elementor-widget-html\" data-id=\"b7364cc\" data-element_type=\"widget\" data-widget_type=\"html.default\">\n\t\t\t\t<div class=\"elementor-widget-container\">\n\t\t\t\t\t<svg xmlns=\"http:\/\/www.w3.org\/2000\/svg\" width=\"50\" height=\"50\" viewbox=\"0 0 50 50\"><path d=\"M32.739,48.526C24.577,45.137,12.231,34.151,5.285,24.068a1.874,1.874,0,1,1,3.087-2.124c6.489,9.418,18.34,20.02,25.879,23.152,3.049,1.417,5.319,1.505,7.009.292,1.318-.8,5.06-4.513,4.993-6.448a2.454,2.454,0,0,0-.724-1.107,45.182,45.182,0,0,0-7.283-5.51c-.8-.169-1.627.315-2.891,1.111l-.641.4a1.874,1.874,0,1,1-1.935-3.211l.578-.358c1.4-.882,3.332-2.086,5.762-1.582,1.915.4,7.938,5.35,9.09,6.527A5.737,5.737,0,0,1,50,38.718c.162,4.606-6.005,9.418-6.714,9.823A7.844,7.844,0,0,1,38.587,50,13.976,13.976,0,0,1,32.739,48.526ZM24.955,30.884a26.007,26.007,0,0,1-8.977-11.567c-.868-2.385.162-4.174.913-5.481.565-.981.877-1.564.745-2.189a47.41,47.41,0,0,0-5.479-7.164,2.273,2.273,0,0,0-1.2-.733C9.166,3.706,5.506,7.243,4.675,8.62c-1.287,1.768-1.2,4.036.184,7.072a1.874,1.874,0,0,1-3.411,1.552c-1.969-4.315-1.93-7.92.11-10.7C2.317,5.272,7.1-.258,11.2.009A5.764,5.764,0,0,1,14.776,1.8c1.181,1.152,6.136,7.18,6.534,9.085A6.613,6.613,0,0,1,20.142,15.7c-.664,1.152-.893,1.645-.666,2.268a22.209,22.209,0,0,0,7.661,9.862,1.876,1.876,0,0,1-2.182,3.051Z\" transform=\"translate(0 0)\" fill=\"var(--e-global-color-secondary)\" \/><\/svg>\t\t\t\t<\/div>\n\t\t\t\t<\/div>\n\t\t\t\t<div class=\"elementor-element elementor-element-14fde98 elementor-widget elementor-widget-heading\" data-id=\"14fde98\" data-element_type=\"widget\" data-widget_type=\"heading.default\">\n\t\t\t\t<div class=\"elementor-widget-container\">\n\t\t\t\t\t<h3 class=\"elementor-heading-title elementor-size-default\">Telefonas :<\/h3>\t\t\t\t<\/div>\n\t\t\t\t<\/div>\n\t\t\t\t<div class=\"elementor-element elementor-element-df91050 elementor-widget elementor-widget-heading\" data-id=\"df91050\" data-element_type=\"widget\" data-widget_type=\"heading.default\">\n\t\t\t\t<div class=\"elementor-widget-container\">\n\t\t\t\t\t<h4 class=\"elementor-heading-title elementor-size-default\"><a href=\"tel:+370%20638%2008%20888\">+370 638 08 888<\/a><\/h4>\t\t\t\t<\/div>\n\t\t\t\t<\/div>\n\t\t\t\t<\/div>\n\t\t\t\t<\/div>\n\t\t<div class=\"elementor-element elementor-element-eeca7c5 e-con-full aux-appear-watch-animation aux-fade-in-left-1 e-flex e-con e-child\" data-id=\"eeca7c5\" data-element_type=\"container\">\n\t\t<div class=\"elementor-element elementor-element-d39f52e e-con-full e-flex e-con e-child\" data-id=\"d39f52e\" data-element_type=\"container\">\n\t\t\t\t<div class=\"elementor-element elementor-element-ce52afa elementor-widget elementor-widget-html\" data-id=\"ce52afa\" data-element_type=\"widget\" data-widget_type=\"html.default\">\n\t\t\t\t<div class=\"elementor-widget-container\">\n\t\t\t\t\t<svg xmlns=\"http:\/\/www.w3.org\/2000\/svg\" width=\"47.357\" height=\"50\" viewbox=\"0 0 47.357 50\"><path d=\"M9.882,50A9.9,9.9,0,0,1,0,40.115V20.042a7.623,7.623,0,0,1,2.958-5.918l1.819-1.359A1.973,1.973,0,0,1,7.056,15.9L5.283,17.216a3.7,3.7,0,0,0-1.338,2.826V40.095A5.959,5.959,0,0,0,9.882,46.01H19.964v.045a1.972,1.972,0,0,1,0,3.944Zm23.187-.023a4.8,4.8,0,0,1-4.8-4.777V36.128A1.27,1.27,0,0,0,27,34.858H20.425a1.27,1.27,0,0,0-1.272,1.293v3.461a1.972,1.972,0,1,1-3.944,0V36.151a5.243,5.243,0,0,1,5.237-5.239h6.575a5.24,5.24,0,0,1,5.217,5.239V45.2a.832.832,0,0,0,.832.832h4.491a5.917,5.917,0,0,0,5.918-5.918V20.042a3.706,3.706,0,0,0-1.4-2.849L26.932,5.118a5.171,5.171,0,0,0-6.573,0L15.494,8.756a2.01,2.01,0,1,1-2.345-3.264l4.8-3.486a9.1,9.1,0,0,1,11.4,0L44.488,14.081A7.691,7.691,0,0,1,47.357,20l-.02,20.1a9.884,9.884,0,0,1-9.885,9.882Z\" transform=\"translate(0 0)\" fill=\"var(--e-global-color-secondary)\" \/><\/svg>\t\t\t\t<\/div>\n\t\t\t\t<\/div>\n\t\t\t\t<div class=\"elementor-element elementor-element-2001d7b elementor-widget elementor-widget-heading\" data-id=\"2001d7b\" data-element_type=\"widget\" data-widget_type=\"heading.default\">\n\t\t\t\t<div class=\"elementor-widget-container\">\n\t\t\t\t\t<h3 class=\"elementor-heading-title elementor-size-default\">Adresas :<\/h3>\t\t\t\t<\/div>\n\t\t\t\t<\/div>\n\t\t\t\t<div class=\"elementor-element elementor-element-6fcf234 elementor-widget elementor-widget-heading\" data-id=\"6fcf234\" data-element_type=\"widget\" data-widget_type=\"heading.default\">\n\t\t\t\t<div class=\"elementor-widget-container\">\n\t\t\t\t\t<h4 class=\"elementor-heading-title elementor-size-default\"><a href=\"https:\/\/maps.app.goo.gl\/VX4xLKzXYvwm34x96\">Adresas: V. Kudirkos g. 7-13, Vilnius 03105<\/a><\/h4>\t\t\t\t<\/div>\n\t\t\t\t<\/div>\n\t\t\t\t<\/div>\n\t\t\t\t<\/div>\n\t\t\t\t<\/div>\n\t\t\t\t<\/div>\n\t\t\t\t\t<\/div>\n\t\t\t\t<\/div>\n\t\t<div class=\"aux-parallax-section elementor-element elementor-element-b4e9408 e-flex e-con-boxed e-con e-parent\" data-id=\"b4e9408\" data-element_type=\"container\">\n\t\t\t\t\t<div class=\"e-con-inner\">\n\t\t<div class=\"elementor-element elementor-element-a733660 e-con-full e-flex e-con e-child\" data-id=\"a733660\" data-element_type=\"container\">\n\t\t\t\t<div class=\"elementor-element elementor-element-c4acffa aux-appear-watch-animation aux-slide-from-bot elementor-widget elementor-widget-aux_modern_heading\" data-id=\"c4acffa\" data-element_type=\"widget\" data-widget_type=\"aux_modern_heading.default\">\n\t\t\t\t<div class=\"elementor-widget-container\">\n\t\t\t\t\t<section class=\"aux-widget-modern-heading\">\n            <div class=\"aux-widget-inner\"><h5 class=\"aux-modern-heading-primary\">Greitas atsakas el. pa\u0161tu<\/h5><h3 class=\"aux-modern-heading-secondary\"><span class=\"aux-head-before\">Pra\u0161ome susisiekti<\/span><\/h3><\/div>\n        <\/section>\t\t\t\t<\/div>\n\t\t\t\t<\/div>\n\t\t\t\t<div class=\"elementor-element elementor-element-b5b6c3a aux-appear-watch-animation aux-fade-in-down elementor-widget elementor-widget-aux_contact_form\" data-id=\"b5b6c3a\" data-element_type=\"widget\" data-widget_type=\"aux_contact_form.default\">\n\t\t\t\t<div class=\"elementor-widget-container\">\n\t\t\t\t\t<section class=\"widget-container aux-widget-contact-form aux-parent-au52325190\">            <div class=\"aux-col-wrapper aux-no-gutter\">\n            <!-- @TODO - The output for element here -->\n\n            \n<div class=\"wpcf7 no-js\" id=\"wpcf7-f109-o1\" lang=\"en-US\" dir=\"ltr\" data-wpcf7-id=\"109\">\n<div class=\"screen-reader-response\"><p role=\"status\" aria-live=\"polite\" aria-atomic=\"true\"><\/p> <ul><\/ul><\/div>\n<form action=\"\/en\/wp-json\/wp\/v2\/pages\/185#wpcf7-f109-o1\" method=\"post\" class=\"wpcf7-form init\" aria-label=\"Contact form\" enctype=\"multipart\/form-data\" novalidate=\"novalidate\" data-status=\"init\" data-trp-original-action=\"\/en\/wp-json\/wp\/v2\/pages\/185#wpcf7-f109-o1\">\n<fieldset class=\"hidden-fields-container\"><input type=\"hidden\" name=\"_wpcf7\" value=\"109\" \/><input type=\"hidden\" name=\"_wpcf7_version\" value=\"6.1.4\" \/><input type=\"hidden\" name=\"_wpcf7_locale\" value=\"en_US\" \/><input type=\"hidden\" name=\"_wpcf7_unit_tag\" value=\"wpcf7-f109-o1\" \/><input type=\"hidden\" name=\"_wpcf7_container_post\" value=\"0\" \/><input type=\"hidden\" name=\"_wpcf7_posted_data_hash\" value=\"\" \/>\n<\/fieldset>\n<div class=\"aux-modern-form\">\n<div class=\"aux-row aux-de-col3 aux-tb-col1 aux-mb-col1\">\n    <div class=\"aux-input-group aux-col\">\n        <span class=\"wpcf7-form-control-wrap\" data-name=\"your-name\"><input size=\"40\" maxlength=\"400\" class=\"wpcf7-form-control wpcf7-text wpcf7-validates-as-required\" id=\"name\" aria-required=\"true\" aria-invalid=\"false\" value=\"\" type=\"text\" name=\"your-name\" \/><\/span>\n        <label for=\"name\">Pilnas vardas<\/label>\n        <div class=\"aux-modern-form-border\"><\/div>\n    <\/div>\n \n    <div class=\"aux-input-group aux-col\">\n        <span class=\"wpcf7-form-control-wrap\" data-name=\"your-email\"><input size=\"40\" maxlength=\"400\" class=\"wpcf7-form-control wpcf7-email wpcf7-validates-as-required wpcf7-text wpcf7-validates-as-email\" id=\"email\" aria-required=\"true\" aria-invalid=\"false\" value=\"\" type=\"email\" name=\"your-email\" \/><\/span>\n        <label for=\"email\">El. pa\u0161tas<\/label>\n        <div class=\"aux-modern-form-border\"><\/div>\n    <\/div>\n   <div class=\"aux-input-group aux-col\">\n        <span class=\"wpcf7-form-control-wrap\" data-name=\"your-tel\"><input size=\"40\" maxlength=\"400\" class=\"wpcf7-form-control wpcf7-tel wpcf7-text wpcf7-validates-as-tel\" id=\"phone\" aria-invalid=\"false\" value=\"\" type=\"tel\" name=\"your-tel\" \/><\/span>\n        <label for=\"phone\">Telefonas<\/label>\n        <div class=\"aux-modern-form-border\"><\/div>\n    <\/div>\n<\/div>\n<div class=\"aux-row aux-de-col1 aux-tb-col1 aux-mb-col1\">\n    <div class=\"aux-input-group aux-col\">\n        <span class=\"wpcf7-form-control-wrap\" data-name=\"your-message\"><textarea cols=\"40\" rows=\"4\" maxlength=\"2000\" class=\"wpcf7-form-control wpcf7-textarea\" id=\"message\" aria-invalid=\"false\" name=\"your-message\"><\/textarea><\/span>\n        <label for=\"message\">\u017dinut\u0117<\/label>\n        <div class=\"aux-modern-form-border\"><\/div>\n    <\/div>\n\n<div class=\"aux-input-group aux-col aux-file-upload bh-file-inline\">\n  <span class=\"wpcf7-form-control-wrap\" data-name=\"your-file\"><input size=\"40\" class=\"wpcf7-form-control wpcf7-file\" id=\"upload-file\" accept=\".jpg,.jpeg,.png,.webp,.pdf\" aria-invalid=\"false\" type=\"file\" name=\"your-file\" \/><\/span>\n  <span class=\"bh-file-pill\" aria-hidden=\"true\">\n    <span class=\"bh-file-text\">Prisegti nuotrauk\u0105 (JPG\/PNG\/WebP, iki 10MB)<\/span>\n  <\/span>\n  <div class=\"aux-modern-form-border\"><\/div>\n<\/div>\n\n<div class=\"aux-form-cookies-consent comment-form-cookies-consent\"><input id=\"wp-comment-cookies-consent\" name=\"wp-comment-cookies-consent\" class=\"aux-checkbox\" type=\"checkbox\" value=\"yes\"><label for=\"wp-comment-cookies-consent\">J\u016bs\u0173 el. pa\u0161to adresas nebus skelbiamas. Privalomi laukai pa\u017eym\u0117ti. *<\/label><\/div>\n<\/div>\n    <input class=\"wpcf7-form-control wpcf7-submit has-spinner\" type=\"submit\" value=\"Pateikti\" \/>\n<\/div><div class=\"wpcf7-response-output\" aria-hidden=\"true\"><\/div>\n<input type=\"hidden\" name=\"trp-form-language\" value=\"en\"\/><\/form>\n<\/div>\n\n\n            <\/div><!-- aux-col-wrapper -->\n    <\/section><!-- widget-container -->\t\t\t\t<\/div>\n\t\t\t\t<\/div>\n\t\t\t\t<div class=\"elementor-element elementor-element-a4f3182 elementor-widget elementor-widget-html\" data-id=\"a4f3182\" data-element_type=\"widget\" data-widget_type=\"html.default\">\n\t\t\t\t<div class=\"elementor-widget-container\">\n\t\t\t\t\t<script>\r\ndocument.addEventListener('change', function(e){\r\n  if (!e.target || e.target.id !== 'upload-file') return;\r\n  const wrap = e.target.closest('.aux-file-upload');\r\n  if (!wrap) return;\r\n\r\n  const textEl = wrap.querySelector('.bh-file-text');\r\n  if (!textEl) return;\r\n\r\n  const files = e.target.files;\r\n  if (!files || !files.length) {\r\n    textEl.textContent = 'Prisegti nuotrauk\u0105 (JPG\/PNG\/WebP, iki 10MB)';\r\n    return;\r\n  }\r\n\r\n  textEl.textContent = (files.length === 1)\r\n    ? ('Prisegta: ' + files[0].name)\r\n    : ('Prisegta fail\u0173: ' + files.length);\r\n});\r\n<\/script>\r\n\t\t\t\t<\/div>\n\t\t\t\t<\/div>\n\t\t\t\t<\/div>\n\t\t<div class=\"elementor-element elementor-element-cd590f7 e-con-full e-flex e-con e-child\" data-id=\"cd590f7\" data-element_type=\"container\">\n\t\t\t\t<div class=\"elementor-element elementor-element-9d95d8f elementor-widget__width-auto aux-appear-watch-animation aux-fade-in-right-2 elementor-widget elementor-widget-aux_modern_button\" data-id=\"9d95d8f\" data-element_type=\"widget\" data-widget_type=\"aux_modern_button.default\">\n\t\t\t\t<div class=\"elementor-widget-container\">\n\t\t\t\t\t    <div class=\"aux-modern-button-wrapper aux-modern-button-align-left\" >\n                    <a class=\"aux-modern-button aux-black aux-modern-button-md aux-modern-button-normal aux-modern-button-default aux-icon-\" href=\"https:\/\/maps.app.goo.gl\/EWjYXL9oGAR15Wae8\">\n                <div class=\"aux-overlay\"><\/div>\n                                    <div class=\"aux-icon\">\n                                            <\/div>\n                                <div class=\"aux-text\">\n<span class=\"aux-text-before\">Google Maps profiis<\/span>                <\/div>\n            <\/a>\n            \n    <\/div>\n\n    \t\t\t\t<\/div>\n\t\t\t\t<\/div>\n\t\t\t\t<div class=\"elementor-element elementor-element-d951b41 zemelapis elementor-widget elementor-widget-html\" data-id=\"d951b41\" data-element_type=\"widget\" data-widget_type=\"html.default\">\n\t\t\t\t<div class=\"elementor-widget-container\">\n\t\t\t\t\t\n<iframe src=\"https:\/\/www.google.com\/maps\/embed?pb=!1m14!1m8!1m3!1d7123.6391280721045!2d25.265137!3d54.683697!3m2!1i1024!2i768!4f13.1!3m3!1m2!1s0x46dd940c7d645871%3A0x4cd54b37877f959a!2sV.%20Kudirkos%20g.%207%2C%20Vilnius%2C%2003105%20Vilniaus%20m.%20sav.%2C%20Lithuania!5e1!3m2!1sen!2sus!4v1769005829275!5m2!1sen!2sus\" width=\"600\" height=\"450\" style=\"border:0;\" allowfullscreen=\"\" loading=\"lazy\" referrerpolicy=\"no-referrer-when-downgrade\"><\/iframe>\t\t\t\t<\/div>\n\t\t\t\t<\/div>\n\t\t\t\t<\/div>\n\t\t\t\t\t<\/div>\n\t\t\t\t<\/div>\n\t\t\t\t<\/div>","protected":false},"excerpt":{"rendered":"<p>Kontaktai Susisiekite su mumis &nbsp; Pa\u0161tas : info@sos-atrakinimas.lt &nbsp; Telefonas : +370 638 08 888 &nbsp; Adresas : Adresas: V. Kudirkos g. 7-13, Vilnius 03105 Greitas atsakas el. pa\u0161tu Pra\u0161ome susisiekti Pilnas vardas El. pa\u0161tas Telefonas \u017dinut\u0117 Prisegti nuotrauk\u0105 (JPG\/PNG\/WebP, iki 10MB) J\u016bs\u0173 el. pa\u0161to adresas nebus skelbiamas. Privalomi laukai pa\u017eym\u0117ti. * Google Maps profiis<\/p>","protected":false},"author":2,"featured_media":0,"parent":0,"menu_order":0,"comment_status":"closed","ping_status":"closed","template":"templates\/page-builder-content.php","meta":{"_acf_changed":false,"footnotes":""},"class_list":["post-185","page","type-page","status-publish","hentry"],"acf":[],"yoast_head":"<!-- This site is optimized with the Yoast SEO plugin v27.2 - https:\/\/yoast.com\/product\/yoast-seo-wordpress\/ -->\n<title>Kontaktai | SOS Atrakinimas \u2013 V. Kudirkos g. 7, Vilnius<\/title>\n<meta name=\"description\" content=\"SOS Atrakinimas kontaktai: V. Kudirkos g. 7, Vilnius. Avarinis atrakinimas ir rakt\u0173 gamyba 24\/7. \u260e +370 638 08888. Atvykstame per 30 min.\" \/>\n<meta name=\"robots\" content=\"index, follow, max-snippet:-1, max-image-preview:large, max-video-preview:-1\" \/>\n<link rel=\"canonical\" href=\"https:\/\/sos-atrakinimas.webdemo.lt\/en\/kontaktai\/\" \/>\n<meta property=\"og:locale\" content=\"en_US\" \/>\n<meta property=\"og:type\" content=\"article\" \/>\n<meta property=\"og:title\" content=\"Kontaktai | SOS Atrakinimas \u2013 V. Kudirkos g. 7, Vilnius\" \/>\n<meta property=\"og:description\" content=\"SOS Atrakinimas kontaktai: V. Kudirkos g. 7, Vilnius. Avarinis atrakinimas ir rakt\u0173 gamyba 24\/7. \u260e +370 638 08888. Atvykstame per 30 min.\" \/>\n<meta property=\"og:url\" content=\"https:\/\/sos-atrakinimas.webdemo.lt\/en\/kontaktai\/\" \/>\n<meta property=\"og:site_name\" content=\"Sos Atrakinimas\" \/>\n<meta property=\"article:modified_time\" content=\"2026-03-25T09:05:41+00:00\" \/>\n<meta name=\"twitter:card\" content=\"summary_large_image\" \/>\n<meta name=\"twitter:label1\" content=\"Est. reading time\" \/>\n\t<meta name=\"twitter:data1\" content=\"1 minute\" \/>\n<script type=\"application\/ld+json\" class=\"yoast-schema-graph\">{\"@context\":\"https:\/\/schema.org\",\"@graph\":[{\"@type\":\"WebPage\",\"@id\":\"https:\/\/sos-atrakinimas.webdemo.lt\/kontaktai\/\",\"url\":\"https:\/\/sos-atrakinimas.webdemo.lt\/kontaktai\/\",\"name\":\"Kontaktai | SOS Atrakinimas \u2013 V. Kudirkos g. 7, Vilnius\",\"isPartOf\":{\"@id\":\"https:\/\/sos-atrakinimas.webdemo.lt\/#website\"},\"datePublished\":\"2020-10-14T06:28:52+00:00\",\"dateModified\":\"2026-03-25T09:05:41+00:00\",\"description\":\"SOS Atrakinimas kontaktai: V. Kudirkos g. 7, Vilnius. Avarinis atrakinimas ir rakt\u0173 gamyba 24\/7. \u260e +370 638 08888. Atvykstame per 30 min.\",\"breadcrumb\":{\"@id\":\"https:\/\/sos-atrakinimas.webdemo.lt\/kontaktai\/#breadcrumb\"},\"inLanguage\":\"en-US\",\"potentialAction\":[{\"@type\":\"ReadAction\",\"target\":[\"https:\/\/sos-atrakinimas.webdemo.lt\/kontaktai\/\"]}]},{\"@type\":\"BreadcrumbList\",\"@id\":\"https:\/\/sos-atrakinimas.webdemo.lt\/kontaktai\/#breadcrumb\",\"itemListElement\":[{\"@type\":\"ListItem\",\"position\":1,\"name\":\"Home\",\"item\":\"https:\/\/sos-atrakinimas.webdemo.lt\/\"},{\"@type\":\"ListItem\",\"position\":2,\"name\":\"Kontaktai\"}]},{\"@type\":\"WebSite\",\"@id\":\"https:\/\/sos-atrakinimas.webdemo.lt\/#website\",\"url\":\"https:\/\/sos-atrakinimas.webdemo.lt\/\",\"name\":\"Sos Atrakinimas\",\"description\":\"Complete Elementor Demo - Phlox WordPress Theme\",\"publisher\":{\"@id\":\"https:\/\/sos-atrakinimas.webdemo.lt\/#organization\"},\"potentialAction\":[{\"@type\":\"SearchAction\",\"target\":{\"@type\":\"EntryPoint\",\"urlTemplate\":\"https:\/\/sos-atrakinimas.webdemo.lt\/?s={search_term_string}\"},\"query-input\":{\"@type\":\"PropertyValueSpecification\",\"valueRequired\":true,\"valueName\":\"search_term_string\"}}],\"inLanguage\":\"en-US\"},{\"@type\":\"Organization\",\"@id\":\"https:\/\/sos-atrakinimas.webdemo.lt\/#organization\",\"name\":\"Sos Atrakinimas\",\"url\":\"https:\/\/sos-atrakinimas.webdemo.lt\/\",\"logo\":{\"@type\":\"ImageObject\",\"inLanguage\":\"en-US\",\"@id\":\"https:\/\/sos-atrakinimas.webdemo.lt\/#\/schema\/logo\/image\/\",\"url\":\"https:\/\/sos-atrakinimas.webdemo.lt\/wp-content\/uploads\/2026\/02\/2-5-1-scaled.png\",\"contentUrl\":\"https:\/\/sos-atrakinimas.webdemo.lt\/wp-content\/uploads\/2026\/02\/2-5-1-scaled.png\",\"width\":2560,\"height\":1707,\"caption\":\"Sos Atrakinimas\"},\"image\":{\"@id\":\"https:\/\/sos-atrakinimas.webdemo.lt\/#\/schema\/logo\/image\/\"}}]}<\/script>\n<!-- \/ Yoast SEO plugin. -->","yoast_head_json":{"title":"Kontaktai | SOS Atrakinimas \u2013 V. Kudirkos g. 7, Vilnius","description":"SOS Atrakinimas kontaktai: V. Kudirkos g. 7, Vilnius. Avarinis atrakinimas ir rakt\u0173 gamyba 24\/7. \u260e +370 638 08888. Atvykstame per 30 min.","robots":{"index":"index","follow":"follow","max-snippet":"max-snippet:-1","max-image-preview":"max-image-preview:large","max-video-preview":"max-video-preview:-1"},"canonical":"https:\/\/sos-atrakinimas.webdemo.lt\/en\/kontaktai\/","og_locale":"en_US","og_type":"article","og_title":"Kontaktai | SOS Atrakinimas \u2013 V. Kudirkos g. 7, Vilnius","og_description":"SOS Atrakinimas kontaktai: V. Kudirkos g. 7, Vilnius. Avarinis atrakinimas ir rakt\u0173 gamyba 24\/7. \u260e +370 638 08888. Atvykstame per 30 min.","og_url":"https:\/\/sos-atrakinimas.webdemo.lt\/en\/kontaktai\/","og_site_name":"Sos Atrakinimas","article_modified_time":"2026-03-25T09:05:41+00:00","twitter_card":"summary_large_image","twitter_misc":{"Est. reading time":"1 minute"},"schema":{"@context":"https:\/\/schema.org","@graph":[{"@type":"WebPage","@id":"https:\/\/sos-atrakinimas.webdemo.lt\/kontaktai\/","url":"https:\/\/sos-atrakinimas.webdemo.lt\/kontaktai\/","name":"Kontaktai | SOS Atrakinimas \u2013 V. Kudirkos g. 7, Vilnius","isPartOf":{"@id":"https:\/\/sos-atrakinimas.webdemo.lt\/#website"},"datePublished":"2020-10-14T06:28:52+00:00","dateModified":"2026-03-25T09:05:41+00:00","description":"SOS Atrakinimas kontaktai: V. Kudirkos g. 7, Vilnius. Avarinis atrakinimas ir rakt\u0173 gamyba 24\/7. \u260e +370 638 08888. Atvykstame per 30 min.","breadcrumb":{"@id":"https:\/\/sos-atrakinimas.webdemo.lt\/kontaktai\/#breadcrumb"},"inLanguage":"en-US","potentialAction":[{"@type":"ReadAction","target":["https:\/\/sos-atrakinimas.webdemo.lt\/kontaktai\/"]}]},{"@type":"BreadcrumbList","@id":"https:\/\/sos-atrakinimas.webdemo.lt\/kontaktai\/#breadcrumb","itemListElement":[{"@type":"ListItem","position":1,"name":"Home","item":"https:\/\/sos-atrakinimas.webdemo.lt\/"},{"@type":"ListItem","position":2,"name":"Kontaktai"}]},{"@type":"WebSite","@id":"https:\/\/sos-atrakinimas.webdemo.lt\/#website","url":"https:\/\/sos-atrakinimas.webdemo.lt\/","name":"Sos Atrakinimas","description":"Complete Elementor Demo - Phlox WordPress Theme","publisher":{"@id":"https:\/\/sos-atrakinimas.webdemo.lt\/#organization"},"potentialAction":[{"@type":"SearchAction","target":{"@type":"EntryPoint","urlTemplate":"https:\/\/sos-atrakinimas.webdemo.lt\/?s={search_term_string}"},"query-input":{"@type":"PropertyValueSpecification","valueRequired":true,"valueName":"search_term_string"}}],"inLanguage":"en-US"},{"@type":"Organization","@id":"https:\/\/sos-atrakinimas.webdemo.lt\/#organization","name":"Sos Atrakinimas","url":"https:\/\/sos-atrakinimas.webdemo.lt\/","logo":{"@type":"ImageObject","inLanguage":"en-US","@id":"https:\/\/sos-atrakinimas.webdemo.lt\/#\/schema\/logo\/image\/","url":"https:\/\/sos-atrakinimas.webdemo.lt\/wp-content\/uploads\/2026\/02\/2-5-1-scaled.png","contentUrl":"https:\/\/sos-atrakinimas.webdemo.lt\/wp-content\/uploads\/2026\/02\/2-5-1-scaled.png","width":2560,"height":1707,"caption":"Sos Atrakinimas"},"image":{"@id":"https:\/\/sos-atrakinimas.webdemo.lt\/#\/schema\/logo\/image\/"}}]}},"_links":{"self":[{"href":"https:\/\/sos-atrakinimas.webdemo.lt\/en\/wp-json\/wp\/v2\/pages\/185","targetHints":{"allow":["GET"]}}],"collection":[{"href":"https:\/\/sos-atrakinimas.webdemo.lt\/en\/wp-json\/wp\/v2\/pages"}],"about":[{"href":"https:\/\/sos-atrakinimas.webdemo.lt\/en\/wp-json\/wp\/v2\/types\/page"}],"author":[{"embeddable":true,"href":"https:\/\/sos-atrakinimas.webdemo.lt\/en\/wp-json\/wp\/v2\/users\/2"}],"replies":[{"embeddable":true,"href":"https:\/\/sos-atrakinimas.webdemo.lt\/en\/wp-json\/wp\/v2\/comments?post=185"}],"version-history":[{"count":138,"href":"https:\/\/sos-atrakinimas.webdemo.lt\/en\/wp-json\/wp\/v2\/pages\/185\/revisions"}],"predecessor-version":[{"id":7000,"href":"https:\/\/sos-atrakinimas.webdemo.lt\/en\/wp-json\/wp\/v2\/pages\/185\/revisions\/7000"}],"wp:attachment":[{"href":"https:\/\/sos-atrakinimas.webdemo.lt\/en\/wp-json\/wp\/v2\/media?parent=185"}],"curies":[{"name":"wp","href":"https:\/\/api.w.org\/{rel}","templated":true}]}}